{"id":353,"date":"2025-01-15T11:39:42","date_gmt":"2025-01-15T11:39:42","guid":{"rendered":"https:\/\/eye4ai.eu\/?page_id=353"},"modified":"2025-01-20T12:42:00","modified_gmt":"2025-01-20T12:42:00","slug":"terms-of-use","status":"publish","type":"page","link":"https:\/\/eye4ai.eu\/it\/terms-of-use\/","title":{"rendered":"Condizioni d'uso"},"content":{"rendered":"<div data-elementor-type=\"wp-page\" data-elementor-id=\"353\" class=\"elementor elementor-353\" data-elementor-post-type=\"page\">\n\t\t\t\t<div class=\"elementor-element elementor-element-5b9a13a tou e-flex e-con-boxed e-con e-parent\" data-id=\"5b9a13a\" data-element_type=\"container\" data-e-type=\"container\">\n\t\t\t\t\t<div class=\"e-con-inner\">\n\t\t\t\t<div class=\"elementor-element elementor-element-eac92c3 elementor-widget elementor-widget-heading\" data-id=\"eac92c3\" data-element_type=\"widget\" data-e-type=\"widget\" data-widget_type=\"heading.default\">\n\t\t\t\t<div class=\"elementor-widget-container\">\n\t\t\t\t\t<h1 class=\"elementor-heading-title elementor-size-default\">Condizioni d'uso<\/h1>\t\t\t\t<\/div>\n\t\t\t\t<\/div>\n\t\t\t\t<div class=\"elementor-element elementor-element-212b59d elementor-widget elementor-widget-text-editor\" data-id=\"212b59d\" data-element_type=\"widget\" data-e-type=\"widget\" data-widget_type=\"text-editor.default\">\n\t\t\t\t<div class=\"elementor-widget-container\">\n\t\t\t\t\t\t\t\t\t<p>Benvenuti nel nostro sito web.<br \/>L'accesso e l'utilizzo di questo sito Web sono soggetti alle presenti Condizioni d'uso del sito Web. Si prega di leggerli attentamente prima di accedere o utilizzare questo sito web.<\/p>\t\t\t\t\t\t\t\t<\/div>\n\t\t\t\t<\/div>\n\t\t\t\t<div class=\"elementor-element elementor-element-7e4ee74 elementor-widget elementor-widget-heading\" data-id=\"7e4ee74\" data-element_type=\"widget\" data-e-type=\"widget\" data-widget_type=\"heading.default\">\n\t\t\t\t<div class=\"elementor-widget-container\">\n\t\t\t\t\t<h3 class=\"elementor-heading-title elementor-size-default\">1. DEFINIZIONI<\/h3>\t\t\t\t<\/div>\n\t\t\t\t<\/div>\n\t\t\t\t<div class=\"elementor-element elementor-element-b1d5ff6 elementor-widget elementor-widget-text-editor\" data-id=\"b1d5ff6\" data-element_type=\"widget\" data-e-type=\"widget\" data-widget_type=\"text-editor.default\">\n\t\t\t\t<div class=\"elementor-widget-container\">\n\t\t\t\t\t\t\t\t\t<p><span style=\"font-weight: 400;\">EYE4AI (<\/span><span style=\"font-weight: 400;\">EMPOWERING GIOVANI IMPRENDITORI CON AI<\/span><span style=\"font-weight: 400;\">), qui di seguito denominato \"Il progetto\", \u00e8 un progetto di 24 mesi che affronta il tema\u00a0<\/span><span style=\"font-weight: 400;\">KA220-YOU \u2013 Round 1 2024<\/span><span style=\"font-weight: 400;\">.\u00a0\u00a0<\/span><\/p><p><span style=\"font-weight: 400;\">Il termine \"consorzio\" si riferisce a tutti i firmatari, diversi dalla Commissione europea, della convenzione di sovvenzione. <\/span><span style=\"font-weight: 400;\">Partenariati di cooperazione nel settore della giovent\u00f9 (KA220-YOU)<\/span><span style=\"font-weight: 400;\">, che possono avere diritti di propriet\u00e0 intellettuale singoli o congiunti in relazione ai risultati del progetto.<\/span><\/p><p><span style=\"font-weight: 400;\">Per \"materiali\" si intendono tutte le informazioni, i contenuti, i dati, i documenti (ad esempio white paper, opuscoli, schede tecniche, domande frequenti, modelli, comunicati stampa, ecc.), i download, i file, i testi, le immagini, le fotografie, la grafica, i video, i webcast, le pubblicazioni, gli strumenti, le risorse, il software, il codice, i programmi, le applicazioni e i prodotti resi disponibili o abilitati tramite il sito web.<\/span><\/p><p><span style=\"font-weight: 400;\">Il termine \"Website Manager\", altrimenti indicato come \"noi\" o \"noi\", si riferisce all'entit\u00e0 responsabile della creazione e della gestione del sito web.\u00a0<\/span><a href=\"https:\/\/eye4ai.eu\/it\/\"><span style=\"font-weight: 400;\">http:\/\/eye4ai.eu <\/span><\/a><span style=\"font-weight: 400;\">\u00a0(di seguito, collettivamente, il \"Sito\") al fine di fornire informazioni ai propri utenti. Convenzione di sovvenzione <\/span><span style=\"font-weight: 400;\">Partenariati di cooperazione nel settore della giovent\u00f9 (KA220-YOU) <\/span><span style=\"font-weight: 400;\">\u00a0assegna a F6S Network Ireland Limited (<\/span><a href=\"http:\/\/www.f6s.com\" target=\"_blank\" rel=\"noopener\"><span style=\"font-weight: 400;\">www.f6s.com<\/span><\/a><span style=\"font-weight: 400;\">) il ruolo di gestore del sito web, quindi F6S Network Ireland Limited \u00e8 il titolare del trattamento dei dati del sito web.\u00a0<\/span><\/p><p><span style=\"font-weight: 400;\">Il termine \"voi\" si riferisce al visitatore del nostro sito web.<\/span><\/p>\t\t\t\t\t\t\t\t<\/div>\n\t\t\t\t<\/div>\n\t\t\t\t<div class=\"elementor-element elementor-element-3d6f8e4 elementor-widget elementor-widget-heading\" data-id=\"3d6f8e4\" data-element_type=\"widget\" data-e-type=\"widget\" data-widget_type=\"heading.default\">\n\t\t\t\t<div class=\"elementor-widget-container\">\n\t\t\t\t\t<h3 class=\"elementor-heading-title elementor-size-default\">2. AMBITO DI APPLICAZIONE<\/h3>\t\t\t\t<\/div>\n\t\t\t\t<\/div>\n\t\t\t\t<div class=\"elementor-element elementor-element-6b0df70 elementor-widget elementor-widget-text-editor\" data-id=\"6b0df70\" data-element_type=\"widget\" data-e-type=\"widget\" data-widget_type=\"text-editor.default\">\n\t\t\t\t<div class=\"elementor-widget-container\">\n\t\t\t\t\t\t\t\t\tI presenti Termini e condizioni del sito Web (i \"Termini\" o i \"Termini e condizioni del sito Web\") contenuti nel presente documento regolano l'utilizzo di questo sito Web, comprese tutte le pagine all'interno di questo sito Web. I presenti Termini si applicano in pieno vigore ed efficacia al tuo utilizzo di questo Sito Web e, utilizzando questo Sito Web, accetti espressamente tutti i termini e le condizioni contenute nel presente documento per intero. L'utente non deve utilizzare questo sito Web, se ha qualche obiezione a uno qualsiasi di questi Termini e condizioni del sito Web.\n\t\t\t\t\t\t\t\t<\/div>\n\t\t\t\t<\/div>\n\t\t\t\t<div class=\"elementor-element elementor-element-4aaba5b elementor-widget elementor-widget-heading\" data-id=\"4aaba5b\" data-element_type=\"widget\" data-e-type=\"widget\" data-widget_type=\"heading.default\">\n\t\t\t\t<div class=\"elementor-widget-container\">\n\t\t\t\t\t<h3 class=\"elementor-heading-title elementor-size-default\">3. IL TUO UTILIZZO DEL SITO WEB<\/h3>\t\t\t\t<\/div>\n\t\t\t\t<\/div>\n\t\t\t\t<div class=\"elementor-element elementor-element-848a8bd elementor-widget elementor-widget-text-editor\" data-id=\"848a8bd\" data-element_type=\"widget\" data-e-type=\"widget\" data-widget_type=\"text-editor.default\">\n\t\t\t\t<div class=\"elementor-widget-container\">\n\t\t\t\t\t\t\t\t\t<p><span style=\"font-weight: 400;\">L'utente accetta di utilizzare il sito Web e i suoi contenuti solo per gli scopi consentiti dalle Condizioni d'uso e da qualsiasi legge, regolamento o prassi o linee guida generalmente accettate nelle giurisdizioni pertinenti.<\/span><\/p><p><span style=\"font-weight: 400;\">L'utente accetta espressamente di non accedere (o tentare di accedere) a nessuno dei Materiali, tramite qualsiasi mezzo automatizzato (incluso l'uso di script o crawler web), o tramite hacking, estrazione di password o altri mezzi. L'utente accetta di non impegnarsi in alcuna attivit\u00e0 che interferisca o interferisca con il Sito Web (o i server e le reti, che sono collegati o accessibili tramite il Sito Web).<\/span><\/p><p><span style=\"font-weight: 400;\">L'utente accetta inoltre di utilizzare le funzionalit\u00e0 disponibili nel sito Web solo per accedere, scaricare, utilizzare, pubblicare, inviare o ricevere materiali in modo appropriato.<\/span><\/p><p><span style=\"font-weight: 400;\">\u00c8 possibile visualizzare, scaricare solo a scopo di memorizzazione nella cache e stampare Materiale dal Sito Web per uso personale, fatte salve le restrizioni indicate di seguito e altrove in questi Termini e Condizioni.<\/span><\/p><p><span style=\"font-weight: 400;\">L'utente non deve utilizzare questo Sito Web per copiare, archiviare, ospitare, trasmettere, inviare, utilizzare, pubblicare o distribuire qualsiasi Materiale, che consiste in (o \u00e8 collegato a) qualsiasi spyware, virus informatici, Trojan horse, worm, keystroke logger, rootkit o altro software informatico dannoso. L'utente non deve condurre alcuna attivit\u00e0 di raccolta dati sistematica o automatizzata (inclusi, a titolo esemplificativo ma non esaustivo, scraping, data mining, estrazione e raccolta dati) su o in relazione a questo sito Web senza l'espresso consenso scritto del Gestore del sito Web. Accetti inoltre di non utilizzare alcun Materiale in un modo che violi i Diritti di Propriet\u00e0 Intellettuale o i diritti di qualsiasi parte, di non riprodurre o utilizzare in altre pubblicazioni elettroniche o stampate. La grafica cos\u00ec come il design tecnico e tutti i contatti e le immagini utilizzate in questa presentazione online sono protetti da copyright.<\/span><\/p><p><span style=\"font-weight: 400;\">L'utente accetta inoltre di non utilizzare il nome di dominio del sito web come indirizzo e-mail di ritorno pseudonimo; non interrompere, interferire o inibire qualsiasi altro utente dall'utilizzo e dal godimento del Sito Web o di altri siti affiliati o collegati, o dei Materiali; e di non utilizzare alcun Materiale in un modo che violi i Diritti di Propriet\u00e0 Intellettuale o i diritti di qualsiasi parte.<\/span><\/p>\t\t\t\t\t\t\t\t<\/div>\n\t\t\t\t<\/div>\n\t\t\t\t<div class=\"elementor-element elementor-element-2635a89 elementor-widget elementor-widget-heading\" data-id=\"2635a89\" data-element_type=\"widget\" data-e-type=\"widget\" data-widget_type=\"heading.default\">\n\t\t\t\t<div class=\"elementor-widget-container\">\n\t\t\t\t\t<h3 class=\"elementor-heading-title elementor-size-default\">4. DIRITTI D'AUTORE E DIRITTI DI PROPRIET\u00c0 INTELLETTUALE<\/h3>\t\t\t\t<\/div>\n\t\t\t\t<\/div>\n\t\t\t\t<div class=\"elementor-element elementor-element-60d8651 elementor-widget elementor-widget-text-editor\" data-id=\"60d8651\" data-element_type=\"widget\" data-e-type=\"widget\" data-widget_type=\"text-editor.default\">\n\t\t\t\t<div class=\"elementor-widget-container\">\n\t\t\t\t\t\t\t\t\t<p>Oltre ai contenuti che possiedi, che potresti aver scelto di includere su questo sito Web, ai sensi dei presenti Termini, il Consorzio e \/ o i suoi licenziatari detengono tutti i diritti sul Materiale di propriet\u00e0 intellettuale contenuto in questo sito Web e tutti questi diritti sono riservati. Il Consorzio autorizza gli utenti a copiare e stampare estratti o documenti da questo sito Web esclusivamente per uso personale e non commerciale, fermo restando che qualsiasi copia o estratto di tali documenti o pagine ottenuti, mantiene tutti i diritti di propriet\u00e0 intellettuale o altri avvisi di propriet\u00e0, comprese tutte le esclusioni di responsabilit\u00e0 in esso contenute. Il logo del progetto non pu\u00f2 essere utilizzato o riprodotto senza il preventivo consenso scritto del consorzio.<\/p><p>Ad eccezione di quanto consentito dalla legge sul copyright applicabile, l'utente non pu\u00f2 riprodurre o comunicare alcun contenuto di questo sito, inclusi i file scaricabili da questo sito Web, senza l'autorizzazione scritta del proprietario del copyright.<\/p>\t\t\t\t\t\t\t\t<\/div>\n\t\t\t\t<\/div>\n\t\t\t\t<div class=\"elementor-element elementor-element-dd8ec23 elementor-widget elementor-widget-heading\" data-id=\"dd8ec23\" data-element_type=\"widget\" data-e-type=\"widget\" data-widget_type=\"heading.default\">\n\t\t\t\t<div class=\"elementor-widget-container\">\n\t\t\t\t\t<h3 class=\"elementor-heading-title elementor-size-default\">5. MARCHI, NOMI COMMERCIALI E LOGHI<\/h3>\t\t\t\t<\/div>\n\t\t\t\t<\/div>\n\t\t\t\t<div class=\"elementor-element elementor-element-810343e elementor-widget elementor-widget-text-editor\" data-id=\"810343e\" data-element_type=\"widget\" data-e-type=\"widget\" data-widget_type=\"text-editor.default\">\n\t\t\t\t<div class=\"elementor-widget-container\">\n\t\t\t\t\t\t\t\t\tTutti i marchi, i nomi commerciali e i loghi che appaiono sul Sito sono di propriet\u00e0 dei rispettivi proprietari e sono protetti dalle leggi internazionali sul diritto d'autore e sui marchi. L'utente accetta di non diffamare o denigrare il Progetto e tutti i marchi, nomi commerciali o loghi inclusi nel Sito Web o nei Materiali. Qualsiasi uso di uno qualsiasi dei marchi, nomi commerciali e loghi che appaiono in tutto il sito Web senza l'espresso consenso scritto del proprietario del marchio o nome o logo, a seconda dei casi, \u00e8 severamente vietato.\n \n\t\t\t\t\t\t\t\t<\/div>\n\t\t\t\t<\/div>\n\t\t\t\t<div class=\"elementor-element elementor-element-7d6d418 elementor-widget elementor-widget-heading\" data-id=\"7d6d418\" data-element_type=\"widget\" data-e-type=\"widget\" data-widget_type=\"heading.default\">\n\t\t\t\t<div class=\"elementor-widget-container\">\n\t\t\t\t\t<h3 class=\"elementor-heading-title elementor-size-default\">6. LICENZA A VOI<\/h3>\t\t\t\t<\/div>\n\t\t\t\t<\/div>\n\t\t\t\t<div class=\"elementor-element elementor-element-c0e7b34 elementor-widget elementor-widget-text-editor\" data-id=\"c0e7b34\" data-element_type=\"widget\" data-e-type=\"widget\" data-widget_type=\"text-editor.default\">\n\t\t\t\t<div class=\"elementor-widget-container\">\n\t\t\t\t\t\t\t\t\t<p><span style=\"font-weight: 400;\">Il Consorzio concede all'utente una licenza personale, mondiale, non cedibile, esente da royalty e non esclusiva per utilizzare il Sito Web esclusivamente allo scopo di consentire all'utente di utilizzare e godere dei vantaggi del Sito Web e dei Materiali, nel modo consentito dalle presenti Condizioni d'uso. L'utente non pu\u00f2 (e non pu\u00f2 consentire a nessun altro di) copiare, decodificare, creare un lavoro derivato o decompilare o tentare in altro modo di estrarre il codice sorgente del Sito Web o di qualsiasi parte di esso, a meno che ci\u00f2 non sia espressamente consentito o richiesto dalla legge, o a meno che non sia stato specificamente autorizzato a farlo dal Gestore del Sito Web. A meno che il gestore del sito Web non ti abbia dato il permesso scritto di farlo, non puoi<\/span><\/p><ul><li style=\"font-weight: 400;\" aria-level=\"1\"><span style=\"font-weight: 400;\">cedere (o concedere in sublicenza) i diritti di utilizzo del Sito Web o dei Materiali,<\/span><\/li><li style=\"font-weight: 400;\" aria-level=\"1\"><span style=\"font-weight: 400;\">concedere un interesse di sicurezza in o sopra i tuoi diritti di utilizzare il Sito Web o i Materiali, o altrimenti trasferire uno qualsiasi dei tuoi diritti di utilizzarli.<\/span><\/li><\/ul>\t\t\t\t\t\t\t\t<\/div>\n\t\t\t\t<\/div>\n\t\t\t\t<div class=\"elementor-element elementor-element-0436806 elementor-widget elementor-widget-heading\" data-id=\"0436806\" data-element_type=\"widget\" data-e-type=\"widget\" data-widget_type=\"heading.default\">\n\t\t\t\t<div class=\"elementor-widget-container\">\n\t\t\t\t\t<h3 class=\"elementor-heading-title elementor-size-default\">7. LINK AD ALTRI SITI INTERNET<\/h3>\t\t\t\t<\/div>\n\t\t\t\t<\/div>\n\t\t\t\t<div class=\"elementor-element elementor-element-5732f5a elementor-widget elementor-widget-text-editor\" data-id=\"5732f5a\" data-element_type=\"widget\" data-e-type=\"widget\" data-widget_type=\"text-editor.default\">\n\t\t\t\t<div class=\"elementor-widget-container\">\n\t\t\t\t\t\t\t\t\tIl Sito Web pu\u00f2 contenere collegamenti ad altri siti Internet e servizi gestiti e mantenuti da terze parti o dalle sue affiliate. L'utente riconosce, comprende e accetta che il Gestore del Sito Web non sar\u00e0 responsabile, direttamente o indirettamente, per eventuali danni o perdite causati o presumibilmente causati da o in connessione con l'uso o l'affidamento su tali contenuti, prodotti o servizi disponibili su tali altri siti.\t\t\t\t\t\t\t\t<\/div>\n\t\t\t\t<\/div>\n\t\t\t\t<div class=\"elementor-element elementor-element-0821776 elementor-widget elementor-widget-heading\" data-id=\"0821776\" data-element_type=\"widget\" data-e-type=\"widget\" data-widget_type=\"heading.default\">\n\t\t\t\t<div class=\"elementor-widget-container\">\n\t\t\t\t\t<h3 class=\"elementor-heading-title elementor-size-default\">8. MODIFICHE<\/h3>\t\t\t\t<\/div>\n\t\t\t\t<\/div>\n\t\t\t\t<div class=\"elementor-element elementor-element-26b39b8 elementor-widget elementor-widget-text-editor\" data-id=\"26b39b8\" data-element_type=\"widget\" data-e-type=\"widget\" data-widget_type=\"text-editor.default\">\n\t\t\t\t<div class=\"elementor-widget-container\">\n\t\t\t\t\t\t\t\t\tIl Gestore del Sito si riserva il diritto di modificare, sospendere o interrompere qualsiasi parte del Sito e dei Materiali in qualsiasi momento, con o senza preavviso. Il Gestore del Sito si riserva il diritto di modificare qualsiasi parte delle presenti Condizioni d'Uso in qualsiasi momento. Eventuali modifiche saranno efficaci al momento della pubblicazione sul sito web. L'utente accetta di rivedere periodicamente le presenti Condizioni d'uso in modo da essere a conoscenza di tali modifiche. L'uso continuato del sito Web dopo che tali modifiche sono state pubblicate sar\u00e0 considerato l'accettazione di eventuali modifiche alle Condizioni d'uso. Se, in qualsiasi momento, le Condizioni d'uso non sono accettabili per voi, si dovrebbe immediatamente cessare l'uso del sito web. L'utente accetta che lo standard sopra indicato per la notifica delle modifiche \u00e8 ragionevole.\n\t\t\t\t\t\t\t\t<\/div>\n\t\t\t\t<\/div>\n\t\t\t\t<div class=\"elementor-element elementor-element-7fa9f22 elementor-widget elementor-widget-heading\" data-id=\"7fa9f22\" data-element_type=\"widget\" data-e-type=\"widget\" data-widget_type=\"heading.default\">\n\t\t\t\t<div class=\"elementor-widget-container\">\n\t\t\t\t\t<h3 class=\"elementor-heading-title elementor-size-default\">9. LIMITAZIONE DI RESPONSABILIT\u00c0\n<\/h3>\t\t\t\t<\/div>\n\t\t\t\t<\/div>\n\t\t\t\t<div class=\"elementor-element elementor-element-0eb71c5 elementor-widget elementor-widget-text-editor\" data-id=\"0eb71c5\" data-element_type=\"widget\" data-e-type=\"widget\" data-widget_type=\"text-editor.default\">\n\t\t\t\t<div class=\"elementor-widget-container\">\n\t\t\t\t\t\t\t\t\tIl Gestore del Sito non si assume alcuna responsabilit\u00e0 per eventuali danni diretti, indiretti, incidentali o consequenziali che possano essere dovuti all'uso non corretto del Sito Web da parte degli Utenti o a eventuali errori, guasti, difetti o ritardi nel funzionamento del Sito Web o nella trasmissione di informazioni su Internet attraverso questo Sito Web.\n\t\t\t\t\t\t\t\t<\/div>\n\t\t\t\t<\/div>\n\t\t\t\t<div class=\"elementor-element elementor-element-8ad2ff0 elementor-widget elementor-widget-heading\" data-id=\"8ad2ff0\" data-element_type=\"widget\" data-e-type=\"widget\" data-widget_type=\"heading.default\">\n\t\t\t\t<div class=\"elementor-widget-container\">\n\t\t\t\t\t<h3 class=\"elementor-heading-title elementor-size-default\">10. GIURISDIZIONE<\/h3>\t\t\t\t<\/div>\n\t\t\t\t<\/div>\n\t\t\t\t<div class=\"elementor-element elementor-element-435b24e elementor-widget elementor-widget-text-editor\" data-id=\"435b24e\" data-element_type=\"widget\" data-e-type=\"widget\" data-widget_type=\"text-editor.default\">\n\t\t\t\t<div class=\"elementor-widget-container\">\n\t\t\t\t\t\t\t\t\tAccedendo a questo sito Web e ai materiali, l'utente accetta che tutte le questioni relative all'accesso o all'utilizzo degli stessi siano disciplinate dagli statuti e dalle leggi dell'Irlanda e dell'Unione europea, senza rispettare i relativi principi di conflitto di leggi. Eventuali controversie derivanti dall'uso di questo sito Web saranno soggette alla giurisdizione esclusiva dei tribunali di Dublino, Irlanda.\n\t\t\t\t\t\t\t\t<\/div>\n\t\t\t\t<\/div>\n\t\t\t\t<div class=\"elementor-element elementor-element-28cabd0 elementor-widget elementor-widget-heading\" data-id=\"28cabd0\" data-element_type=\"widget\" data-e-type=\"widget\" data-widget_type=\"heading.default\">\n\t\t\t\t<div class=\"elementor-widget-container\">\n\t\t\t\t\t<h3 class=\"elementor-heading-title elementor-size-default\">11. GENERALE<\/h3>\t\t\t\t<\/div>\n\t\t\t\t<\/div>\n\t\t\t\t<div class=\"elementor-element elementor-element-bcfc1f7 elementor-widget elementor-widget-text-editor\" data-id=\"bcfc1f7\" data-element_type=\"widget\" data-e-type=\"widget\" data-widget_type=\"text-editor.default\">\n\t\t\t\t<div class=\"elementor-widget-container\">\n\t\t\t\t\t\t\t\t\tLe presenti Condizioni d'uso saranno regolate e interpretate in conformit\u00e0 con le leggi dell'Irlanda, indipendentemente dai suoi principi sui conflitti di legge. L'esecuzione delle presenti Condizioni d'uso da parte del Gestore del sito web \u00e8 soggetta alle leggi e ai procedimenti legali vigenti e nulla di quanto contenuto nelle presenti Condizioni d'uso deroga al diritto del Coordinatore di ottemperare alle richieste delle forze dell'ordine o ai requisiti relativi all'utilizzo del sito web da parte dell'utente o alle informazioni fornite o raccolte dal Gestore del sito web in relazione a tale utilizzo. Se una qualsiasi disposizione delle presenti Condizioni d'uso \u00e8 illegale, nulla o per qualsiasi motivo inapplicabile, tale disposizione sar\u00e0 ritenuta separabile dalle presenti Condizioni d'uso e non influir\u00e0 sulla validit\u00e0 e sull'applicabilit\u00e0 delle restanti disposizioni. Le presenti Condizioni d'uso costituiscono l'intero accordo tra le parti relativo all'oggetto del presente documento e sostituiscono tutte le comunicazioni precedenti o contemporanee, orali o scritte.\n\t\t\t\t\t\t\t\t<\/div>\n\t\t\t\t<\/div>\n\t\t\t\t\t<\/div>\n\t\t\t\t<\/div>\n\t\t\t\t<\/div>","protected":false},"excerpt":{"rendered":"<p>Benvenuto sul nostro sito Web.Il tuo accesso e utilizzo di questo sito Web \u00e8 soggetto alle presenti Condizioni d'uso del sito Web. Si prega di leggerli attentamente prima di accedere o utilizzare questo sito web. 1. DEFINIZIONI EYE4AI (EMPOWERING YOUNG ENTREPRENEURS WITH AI), qui di seguito denominato \"The project\", \u00e8 un progetto di 24 mesi che affronta il tema KA220-YOU \u2013 2024 Round 1.\u00a0\u00a0 [...]<\/p>","protected":false},"author":3,"featured_media":0,"parent":0,"menu_order":0,"comment_status":"closed","ping_status":"closed","template":"","meta":{"footnotes":""},"class_list":["post-353","page","type-page","status-publish","hentry"],"_links":{"self":[{"href":"https:\/\/eye4ai.eu\/it\/wp-json\/wp\/v2\/pages\/353","targetHints":{"allow":["GET"]}}],"collection":[{"href":"https:\/\/eye4ai.eu\/it\/wp-json\/wp\/v2\/pages"}],"about":[{"href":"https:\/\/eye4ai.eu\/it\/wp-json\/wp\/v2\/types\/page"}],"author":[{"embeddable":true,"href":"https:\/\/eye4ai.eu\/it\/wp-json\/wp\/v2\/users\/3"}],"replies":[{"embeddable":true,"href":"https:\/\/eye4ai.eu\/it\/wp-json\/wp\/v2\/comments?post=353"}],"version-history":[{"count":5,"href":"https:\/\/eye4ai.eu\/it\/wp-json\/wp\/v2\/pages\/353\/revisions"}],"predecessor-version":[{"id":582,"href":"https:\/\/eye4ai.eu\/it\/wp-json\/wp\/v2\/pages\/353\/revisions\/582"}],"wp:attachment":[{"href":"https:\/\/eye4ai.eu\/it\/wp-json\/wp\/v2\/media?parent=353"}],"curies":[{"name":"wp","href":"https:\/\/api.w.org\/{rel}","templated":true}]}}