{"id":353,"date":"2025-01-15T11:39:42","date_gmt":"2025-01-15T11:39:42","guid":{"rendered":"https:\/\/eye4ai.eu\/?page_id=353"},"modified":"2025-01-20T12:42:00","modified_gmt":"2025-01-20T12:42:00","slug":"terms-of-use","status":"publish","type":"page","link":"https:\/\/eye4ai.eu\/nb\/terms-of-use\/","title":{"rendered":"Vilk\u00e5r for bruk"},"content":{"rendered":"<div data-elementor-type=\"wp-page\" data-elementor-id=\"353\" class=\"elementor elementor-353\" data-elementor-post-type=\"page\">\n\t\t\t\t<div class=\"elementor-element elementor-element-5b9a13a tou e-flex e-con-boxed e-con e-parent\" data-id=\"5b9a13a\" data-element_type=\"container\" data-e-type=\"container\">\n\t\t\t\t\t<div class=\"e-con-inner\">\n\t\t\t\t<div class=\"elementor-element elementor-element-eac92c3 elementor-widget elementor-widget-heading\" data-id=\"eac92c3\" data-element_type=\"widget\" data-e-type=\"widget\" data-widget_type=\"heading.default\">\n\t\t\t\t<div class=\"elementor-widget-container\">\n\t\t\t\t\t<h1 class=\"elementor-heading-title elementor-size-default\">Vilk\u00e5r for bruk<\/h1>\t\t\t\t<\/div>\n\t\t\t\t<\/div>\n\t\t\t\t<div class=\"elementor-element elementor-element-212b59d elementor-widget elementor-widget-text-editor\" data-id=\"212b59d\" data-element_type=\"widget\" data-e-type=\"widget\" data-widget_type=\"text-editor.default\">\n\t\t\t\t<div class=\"elementor-widget-container\">\n\t\t\t\t\t\t\t\t\t<p>Velkommen til nettstedet v\u00e5rt.<br \/>Din tilgang til og bruk av dette nettstedet er underlagt disse vilk\u00e5rene for bruk av nettstedet. Vennligst les dem n\u00f8ye f\u00f8r du f\u00e5r tilgang til eller bruker dette nettstedet.<\/p>\t\t\t\t\t\t\t\t<\/div>\n\t\t\t\t<\/div>\n\t\t\t\t<div class=\"elementor-element elementor-element-7e4ee74 elementor-widget elementor-widget-heading\" data-id=\"7e4ee74\" data-element_type=\"widget\" data-e-type=\"widget\" data-widget_type=\"heading.default\">\n\t\t\t\t<div class=\"elementor-widget-container\">\n\t\t\t\t\t<h3 class=\"elementor-heading-title elementor-size-default\">1. Definisjoner<\/h3>\t\t\t\t<\/div>\n\t\t\t\t<\/div>\n\t\t\t\t<div class=\"elementor-element elementor-element-b1d5ff6 elementor-widget elementor-widget-text-editor\" data-id=\"b1d5ff6\" data-element_type=\"widget\" data-e-type=\"widget\" data-widget_type=\"text-editor.default\">\n\t\t\t\t<div class=\"elementor-widget-container\">\n\t\t\t\t\t\t\t\t\t<p><span style=\"font-weight: 400;\">EYE4AI (<\/span><span style=\"font-weight: 400;\">Styrker unge entrepren\u00f8rer med AI<\/span><span style=\"font-weight: 400;\">), heretter kalt \u201dProsjektet\u201d, er et 24-m\u00e5neders prosjekt som tar for seg temaet\u00a0<\/span><span style=\"font-weight: 400;\">KA220-YOU \u2013 2024 Runde 1<\/span><span style=\"font-weight: 400;\">.\u00a0\u00a0<\/span><\/p><p><span style=\"font-weight: 400;\">Med \u00abkonsortium\u00bb menes alle som har undertegnet tilskuddsavtalen, med unntak av EU-kommisjonen. <\/span><span style=\"font-weight: 400;\">Samarbeidspartnerskap for ungdom (KA220-YOU)<\/span><span style=\"font-weight: 400;\">, som kan ha enkeltst\u00e5ende eller felles immaterielle rettigheter i forhold til prosjektets utfall.<\/span><\/p><p><span style=\"font-weight: 400;\">Med \u00abmateriale\u00bb menes all informasjon, innhold, data, dokumenter (f.eks. whitepapers, brosjyrer, dataark, vanlige sp\u00f8rsm\u00e5l, maler, pressemeldinger osv.), nedlastinger, filer, tekst, bilder, fotografier, grafikk, videoer, webcaster, publikasjoner, verkt\u00f8y, ressurser, programvare, kode, programmer, programmer og produkter som gj\u00f8res tilgjengelige eller aktivert via nettstedet.<\/span><\/p><p><span style=\"font-weight: 400;\">Begrepet \"Nettstedsadministrator\", ellers angitt som \"oss\" eller \"vi\", refererer til enheten som er ansvarlig for \u00e5 opprette og administrere nettstedet\u00a0<\/span><a href=\"https:\/\/eye4ai.eu\/nb\/\"><span style=\"font-weight: 400;\">http:\/\/eye4ai.eu <\/span><\/a><span style=\"font-weight: 400;\">\u00a0(samlet referert til heri som dette \"Nettstedet\"), for \u00e5 gi informasjon til sine brukere. Tilskuddsavtale <\/span><span style=\"font-weight: 400;\">Samarbeidspartnerskap for ungdom (KA220-YOU) <\/span><span style=\"font-weight: 400;\">\u00a0Opprettet av: F6S Network Ireland Limited<\/span><a href=\"http:\/\/www.f6s.com\" target=\"_blank\" rel=\"noopener\"><span style=\"font-weight: 400;\">www.f6s.com<\/span><\/a><span style=\"font-weight: 400;\">) rollen som nettsideadministrator, og dermed er F6S Network Ireland Limited behandlingsansvarlig for nettstedet.\u00a0<\/span><\/p><p><span style=\"font-weight: 400;\">Begrepet \u00abdu\u00bb refererer til den bes\u00f8kende p\u00e5 nettstedet v\u00e5rt.<\/span><\/p>\t\t\t\t\t\t\t\t<\/div>\n\t\t\t\t<\/div>\n\t\t\t\t<div class=\"elementor-element elementor-element-3d6f8e4 elementor-widget elementor-widget-heading\" data-id=\"3d6f8e4\" data-element_type=\"widget\" data-e-type=\"widget\" data-widget_type=\"heading.default\">\n\t\t\t\t<div class=\"elementor-widget-container\">\n\t\t\t\t\t<h3 class=\"elementor-heading-title elementor-size-default\">2. SCOPE<\/h3>\t\t\t\t<\/div>\n\t\t\t\t<\/div>\n\t\t\t\t<div class=\"elementor-element elementor-element-6b0df70 elementor-widget elementor-widget-text-editor\" data-id=\"6b0df70\" data-element_type=\"widget\" data-e-type=\"widget\" data-widget_type=\"text-editor.default\">\n\t\t\t\t<div class=\"elementor-widget-container\">\n\t\t\t\t\t\t\t\t\tDisse vilk\u00e5rene og betingelsene for nettstedet (disse \u00abvilk\u00e5rene\u00bb eller disse \u00abvilk\u00e5rene og betingelsene for nettstedet\u00bb) som finnes her, skal styre din bruk av dette nettstedet, inkludert alle sidene p\u00e5 dette nettstedet. Disse vilk\u00e5rene gjelder i full kraft og effekt for din bruk av dette nettstedet, og ved \u00e5 bruke dette nettstedet, godtar du uttrykkelig alle vilk\u00e5r og betingelser som finnes her i sin helhet. Du m\u00e5 ikke bruke dette nettstedet hvis du har noen innvendinger mot noen av disse vilk\u00e5rene og betingelsene for nettstedet.\n\t\t\t\t\t\t\t\t<\/div>\n\t\t\t\t<\/div>\n\t\t\t\t<div class=\"elementor-element elementor-element-4aaba5b elementor-widget elementor-widget-heading\" data-id=\"4aaba5b\" data-element_type=\"widget\" data-e-type=\"widget\" data-widget_type=\"heading.default\">\n\t\t\t\t<div class=\"elementor-widget-container\">\n\t\t\t\t\t<h3 class=\"elementor-heading-title elementor-size-default\">3. Din bruk av nettstedet<\/h3>\t\t\t\t<\/div>\n\t\t\t\t<\/div>\n\t\t\t\t<div class=\"elementor-element elementor-element-848a8bd elementor-widget elementor-widget-text-editor\" data-id=\"848a8bd\" data-element_type=\"widget\" data-e-type=\"widget\" data-widget_type=\"text-editor.default\">\n\t\t\t\t<div class=\"elementor-widget-container\">\n\t\t\t\t\t\t\t\t\t<p><span style=\"font-weight: 400;\">Du samtykker i \u00e5 bruke nettstedet og dets innhold kun til form\u00e5l som er tillatt i henhold til bruksvilk\u00e5rene og gjeldende lov, forskrift eller allment akseptert praksis eller retningslinjer i de relevante jurisdiksjonene.<\/span><\/p><p><span style=\"font-weight: 400;\">Du samtykker spesifikt til ikke \u00e5 f\u00e5 tilgang til (eller fors\u00f8ke \u00e5 f\u00e5 tilgang til) noen av materialene, gjennom automatiserte midler (inkludert bruk av skript eller s\u00f8keroboter), eller ved hacking, passordutvinning eller andre midler. Du samtykker i at du ikke vil delta i noen aktivitet som forstyrrer eller forstyrrer nettstedet (eller serverne og nettverkene, som er koblet til eller tilgjengelig via nettstedet).<\/span><\/p><p><span style=\"font-weight: 400;\">Du samtykker ogs\u00e5 i \u00e5 bruke funksjonene som er tilgjengelige p\u00e5 nettstedet bare for \u00e5 f\u00e5 tilgang til, laste ned, bruke, legge ut, sende eller motta materiale p\u00e5 en hensiktsmessig m\u00e5te.<\/span><\/p><p><span style=\"font-weight: 400;\">Du kan vise, laste ned for caching form\u00e5l, og skrive ut materiale fra nettstedet for din egen personlige bruk, underlagt de begrensninger som er angitt nedenfor og andre steder i disse vilk\u00e5rene.<\/span><\/p><p><span style=\"font-weight: 400;\">Du m\u00e5 ikke bruke dette nettstedet til \u00e5 kopiere, lagre, v\u00e6re vert for, overf\u00f8re, sende, bruke, publisere eller distribuere noe materiale som best\u00e5r av (eller er knyttet til) spionprogrammer, datavirus, trojanske hester, ormer, tastetrykkloggere, rootkit eller annen ondsinnet dataprogramvare. Du m\u00e5 ikke utf\u00f8re noen systematiske eller automatiserte datainnsamlingsaktiviteter (inkludert, uten begrensning, skraping, datautvinning, datautvinning og datah\u00f8sting) p\u00e5 eller i forhold til dette nettstedet uten nettstedsadministratorens uttrykkelige skriftlige samtykke. Du samtykker ogs\u00e5 til ikke \u00e5 bruke noe materiale p\u00e5 en m\u00e5te som krenker noen immaterielle rettigheter eller rettigheter til noen part, for ikke \u00e5 reprodusere eller bruke i andre elektroniske eller trykte publikasjoner. Grafikken samt teknisk design og all kontakt samt bilder som brukes i denne online presentasjonen er beskyttet av opphavsrett.<\/span><\/p><p><span style=\"font-weight: 400;\">Du samtykker ogs\u00e5 til ikke \u00e5 bruke nettstedets domenenavn som en pseudonym retur-e-postadresse; ikke \u00e5 forstyrre, forstyrre eller hemme andre brukere fra \u00e5 bruke og nyte nettstedet eller andre tilknyttede eller koblede nettsteder, eller materialene; og ikke bruke noe materiale p\u00e5 en m\u00e5te som krenker noen immaterielle rettigheter eller rettigheter til noen part.<\/span><\/p>\t\t\t\t\t\t\t\t<\/div>\n\t\t\t\t<\/div>\n\t\t\t\t<div class=\"elementor-element elementor-element-2635a89 elementor-widget elementor-widget-heading\" data-id=\"2635a89\" data-element_type=\"widget\" data-e-type=\"widget\" data-widget_type=\"heading.default\">\n\t\t\t\t<div class=\"elementor-widget-container\">\n\t\t\t\t\t<h3 class=\"elementor-heading-title elementor-size-default\">4. Rettigheter til COPYRIGHT og INTELLEKTUELLE EIENDOMSRETTIGHETER<\/h3>\t\t\t\t<\/div>\n\t\t\t\t<\/div>\n\t\t\t\t<div class=\"elementor-element elementor-element-60d8651 elementor-widget elementor-widget-text-editor\" data-id=\"60d8651\" data-element_type=\"widget\" data-e-type=\"widget\" data-widget_type=\"text-editor.default\">\n\t\t\t\t<div class=\"elementor-widget-container\">\n\t\t\t\t\t\t\t\t\t<p>Annet enn innhold du eier, som du kan ha valgt \u00e5 inkludere p\u00e5 dette nettstedet, under disse vilk\u00e5rene, eier konsortiet og \/ eller dets lisensgivere alle rettigheter til det immaterielle materialet som finnes p\u00e5 dette nettstedet, og alle slike rettigheter er reservert. Konsortiet tillater brukere \u00e5 kopiere og skrive ut ut utdrag eller dokumenter fra dette nettstedet utelukkende for personlig, ikke-kommersiell bruk, under forutsetning av at enhver kopi eller utdrag av nevnte dokumenter eller sider som er oppn\u00e5dd, opprettholder alle immaterielle rettigheter eller andre eiendomsmerknader, inkludert alle ansvarsfraskrivelser som finnes der. Prosjektlogoen kan ikke brukes eller reproduseres uten forutg\u00e5ende skriftlig samtykke fra konsortiet.<\/p><p>Med unntak av det som er tillatt i henhold til gjeldende lov om opphavsrett, kan du ikke reprodusere eller kommunisere noe av innholdet p\u00e5 dette nettstedet, inkludert filer som kan lastes ned fra dette nettstedet, uten skriftlig tillatelse fra eieren av opphavsretten.<\/p>\t\t\t\t\t\t\t\t<\/div>\n\t\t\t\t<\/div>\n\t\t\t\t<div class=\"elementor-element elementor-element-dd8ec23 elementor-widget elementor-widget-heading\" data-id=\"dd8ec23\" data-element_type=\"widget\" data-e-type=\"widget\" data-widget_type=\"heading.default\">\n\t\t\t\t<div class=\"elementor-widget-container\">\n\t\t\t\t\t<h3 class=\"elementor-heading-title elementor-size-default\">5. Trademarks, varenavn og logoer<\/h3>\t\t\t\t<\/div>\n\t\t\t\t<\/div>\n\t\t\t\t<div class=\"elementor-element elementor-element-810343e elementor-widget elementor-widget-text-editor\" data-id=\"810343e\" data-element_type=\"widget\" data-e-type=\"widget\" data-widget_type=\"text-editor.default\">\n\t\t\t\t<div class=\"elementor-widget-container\">\n\t\t\t\t\t\t\t\t\tAlle varemerker, handelsnavn og logoer som vises p\u00e5 nettstedet tilh\u00f8rer sine respektive eiere og er beskyttet av internasjonale lover om opphavsrett og varemerker. Du samtykker i \u00e5 ikke \u00e6rekrenke eller nedvurdere prosjektet og alle varemerker, handelsnavn eller logoer som er inkludert p\u00e5 nettstedet eller i materialene. Enhver bruk av noen av varemerkene, handelsnavnene og logoene som vises p\u00e5 nettstedet uten uttrykkelig skriftlig samtykke fra eieren av varemerket eller navnet eller logoen, er strengt forbudt.\n \n\t\t\t\t\t\t\t\t<\/div>\n\t\t\t\t<\/div>\n\t\t\t\t<div class=\"elementor-element elementor-element-7d6d418 elementor-widget elementor-widget-heading\" data-id=\"7d6d418\" data-element_type=\"widget\" data-e-type=\"widget\" data-widget_type=\"heading.default\">\n\t\t\t\t<div class=\"elementor-widget-container\">\n\t\t\t\t\t<h3 class=\"elementor-heading-title elementor-size-default\">6. Lisens til deg<\/h3>\t\t\t\t<\/div>\n\t\t\t\t<\/div>\n\t\t\t\t<div class=\"elementor-element elementor-element-c0e7b34 elementor-widget elementor-widget-text-editor\" data-id=\"c0e7b34\" data-element_type=\"widget\" data-e-type=\"widget\" data-widget_type=\"text-editor.default\">\n\t\t\t\t<div class=\"elementor-widget-container\">\n\t\t\t\t\t\t\t\t\t<p><span style=\"font-weight: 400;\">Konsortiet gir deg en personlig, verdensomspennende, ikke-overf\u00f8rbar, royaltyfri og ikke-eksklusiv lisens til \u00e5 bruke nettstedet utelukkende med det form\u00e5l \u00e5 gj\u00f8re det mulig for deg \u00e5 bruke og nyte fordelene av nettstedet og materialene, p\u00e5 den m\u00e5ten som er tillatt i disse bruksvilk\u00e5rene. Du kan ikke (og du kan ikke tillate noen andre \u00e5) kopiere, foreta omvendt utvikling av, lage et avledet arbeid av, eller dekompilere eller p\u00e5 annen m\u00e5te fors\u00f8ke \u00e5 trekke ut kildekoden til nettstedet eller deler av det, med mindre dette er uttrykkelig tillatt eller p\u00e5krevd ved lov, eller med mindre du har f\u00e5tt spesiell tillatelse til \u00e5 gj\u00f8re det av nettstedsadministratoren. Med mindre nettstedsadministratoren har gitt deg skriftlig tillatelse til \u00e5 gj\u00f8re det, kan du ikke<\/span><\/p><ul><li style=\"font-weight: 400;\" aria-level=\"1\"><span style=\"font-weight: 400;\">tildele (eller gi en underlisens av) dine rettigheter til \u00e5 bruke nettstedet eller materialene,<\/span><\/li><li style=\"font-weight: 400;\" aria-level=\"1\"><span style=\"font-weight: 400;\">gi en sikkerhetsinteresse i eller over dine rettigheter til \u00e5 bruke nettstedet eller materialene, eller p\u00e5 annen m\u00e5te overf\u00f8re noen av dine rettigheter til \u00e5 bruke dem.<\/span><\/li><\/ul>\t\t\t\t\t\t\t\t<\/div>\n\t\t\t\t<\/div>\n\t\t\t\t<div class=\"elementor-element elementor-element-0436806 elementor-widget elementor-widget-heading\" data-id=\"0436806\" data-element_type=\"widget\" data-e-type=\"widget\" data-widget_type=\"heading.default\">\n\t\t\t\t<div class=\"elementor-widget-container\">\n\t\t\t\t\t<h3 class=\"elementor-heading-title elementor-size-default\">7. Koblinger til andre Internett-sider<\/h3>\t\t\t\t<\/div>\n\t\t\t\t<\/div>\n\t\t\t\t<div class=\"elementor-element elementor-element-5732f5a elementor-widget elementor-widget-text-editor\" data-id=\"5732f5a\" data-element_type=\"widget\" data-e-type=\"widget\" data-widget_type=\"text-editor.default\">\n\t\t\t\t<div class=\"elementor-widget-container\">\n\t\t\t\t\t\t\t\t\tNettstedet kan inneholde lenker til andre nettsteder og tjenester som drives og vedlikeholdes av tredjeparter eller dets tilknyttede selskaper. Du erkjenner, forst\u00e5r og godtar at Website Manager ikke vil v\u00e6re ansvarlig eller erstatningspliktig, direkte eller indirekte, for noen skade eller tap for\u00e5rsaket eller p\u00e5st\u00e5tt \u00e5 v\u00e6re for\u00e5rsaket av eller i forbindelse med bruk av eller tillit til slikt innhold, produkter eller tjenester tilgjengelig p\u00e5 slike andre nettsteder.\t\t\t\t\t\t\t\t<\/div>\n\t\t\t\t<\/div>\n\t\t\t\t<div class=\"elementor-element elementor-element-0821776 elementor-widget elementor-widget-heading\" data-id=\"0821776\" data-element_type=\"widget\" data-e-type=\"widget\" data-widget_type=\"heading.default\">\n\t\t\t\t<div class=\"elementor-widget-container\">\n\t\t\t\t\t<h3 class=\"elementor-heading-title elementor-size-default\">8. Endringer<\/h3>\t\t\t\t<\/div>\n\t\t\t\t<\/div>\n\t\t\t\t<div class=\"elementor-element elementor-element-26b39b8 elementor-widget elementor-widget-text-editor\" data-id=\"26b39b8\" data-element_type=\"widget\" data-e-type=\"widget\" data-widget_type=\"text-editor.default\">\n\t\t\t\t<div class=\"elementor-widget-container\">\n\t\t\t\t\t\t\t\t\tNettstedsadministratoren forbeholder seg retten til \u00e5 endre, suspendere eller avslutte enhver del av nettstedet og materialene n\u00e5r som helst, med eller uten varsel. Nettstedsadministratoren forbeholder seg retten til \u00e5 endre enhver del av disse bruksvilk\u00e5rene n\u00e5r som helst. Eventuelle endringer skal tre i kraft n\u00e5r de legges ut p\u00e5 nettstedet. Du samtykker i \u00e5 gjennomg\u00e5 disse vilk\u00e5rene for bruk med jevne mellomrom, slik at du er klar over slike endringer. Din fortsatte bruk av nettstedet etter at slike endringer er lagt ut, skal anses som din aksept av eventuelle endringer i vilk\u00e5rene for bruk. Hvis vilk\u00e5rene for bruk p\u00e5 noe tidspunkt ikke er akseptable for deg, b\u00f8r du umiddelbart slutte \u00e5 bruke nettstedet. Du samtykker i at ovennevnte standard for varsel om endringer er rimelig.\n\t\t\t\t\t\t\t\t<\/div>\n\t\t\t\t<\/div>\n\t\t\t\t<div class=\"elementor-element elementor-element-7fa9f22 elementor-widget elementor-widget-heading\" data-id=\"7fa9f22\" data-element_type=\"widget\" data-e-type=\"widget\" data-widget_type=\"heading.default\">\n\t\t\t\t<div class=\"elementor-widget-container\">\n\t\t\t\t\t<h3 class=\"elementor-heading-title elementor-size-default\">9. Begrensning av ansvar\n<\/h3>\t\t\t\t<\/div>\n\t\t\t\t<\/div>\n\t\t\t\t<div class=\"elementor-element elementor-element-0eb71c5 elementor-widget elementor-widget-text-editor\" data-id=\"0eb71c5\" data-element_type=\"widget\" data-e-type=\"widget\" data-widget_type=\"text-editor.default\">\n\t\t\t\t<div class=\"elementor-widget-container\">\n\t\t\t\t\t\t\t\t\tNettstedsadministratoren skal ikke ha noe ansvar for direkte, indirekte, tilfeldige eller f\u00f8lgeskader som kan skyldes feil bruk av nettstedet av brukere eller feil, feil, mangler eller forsinkelser i driften av nettstedet eller i overf\u00f8ring av informasjon p\u00e5 Internett via dette nettstedet.\n\t\t\t\t\t\t\t\t<\/div>\n\t\t\t\t<\/div>\n\t\t\t\t<div class=\"elementor-element elementor-element-8ad2ff0 elementor-widget elementor-widget-heading\" data-id=\"8ad2ff0\" data-element_type=\"widget\" data-e-type=\"widget\" data-widget_type=\"heading.default\">\n\t\t\t\t<div class=\"elementor-widget-container\">\n\t\t\t\t\t<h3 class=\"elementor-heading-title elementor-size-default\">10. Jurisdiksjon<\/h3>\t\t\t\t<\/div>\n\t\t\t\t<\/div>\n\t\t\t\t<div class=\"elementor-element elementor-element-435b24e elementor-widget elementor-widget-text-editor\" data-id=\"435b24e\" data-element_type=\"widget\" data-e-type=\"widget\" data-widget_type=\"text-editor.default\">\n\t\t\t\t<div class=\"elementor-widget-container\">\n\t\t\t\t\t\t\t\t\tVed \u00e5 g\u00e5 inn p\u00e5 dette nettstedet, og materialene, godtar du at alle forhold knyttet til din tilgang til, eller bruk av dem, skal styres av vedtektene og lovene i Irland og EU, uten hensyn til lovkonfliktsprinsipper derav. Eventuelle tvister som oppst\u00e5r som f\u00f8lge av bruk av dette nettstedet vil v\u00e6re underlagt den eksklusive jurisdiksjonen til domstolene i Dublin, Irland.\n\t\t\t\t\t\t\t\t<\/div>\n\t\t\t\t<\/div>\n\t\t\t\t<div class=\"elementor-element elementor-element-28cabd0 elementor-widget elementor-widget-heading\" data-id=\"28cabd0\" data-element_type=\"widget\" data-e-type=\"widget\" data-widget_type=\"heading.default\">\n\t\t\t\t<div class=\"elementor-widget-container\">\n\t\t\t\t\t<h3 class=\"elementor-heading-title elementor-size-default\">11. Alminnelig<\/h3>\t\t\t\t<\/div>\n\t\t\t\t<\/div>\n\t\t\t\t<div class=\"elementor-element elementor-element-bcfc1f7 elementor-widget elementor-widget-text-editor\" data-id=\"bcfc1f7\" data-element_type=\"widget\" data-e-type=\"widget\" data-widget_type=\"text-editor.default\">\n\t\t\t\t<div class=\"elementor-widget-container\">\n\t\t\t\t\t\t\t\t\tDisse vilk\u00e5rene for bruk skal styres av, og tolkes i samsvar med, lovene i Irland uten hensyn til konflikt mellom rettsprinsipper. Nettstedsadministratorens utf\u00f8relse av disse bruksvilk\u00e5rene er underlagt eksisterende lover og juridiske prosesser, og ingenting i disse bruksvilk\u00e5rene skal fravike koordinatorens rett til \u00e5 overholde foresp\u00f8rsler eller krav fra rettsh\u00e5ndhevelse knyttet til din bruk av nettstedet eller informasjon gitt til eller samlet inn av nettstedsadministratoren med hensyn til slik bruk. Hvis noen bestemmelse i disse bruksvilk\u00e5rene skal v\u00e6re ulovlig, ugyldig eller av en eller annen grunn ikke kan h\u00e5ndheves, skal den bestemmelsen anses som atskilt fra disse bruksvilk\u00e5rene og skal ikke p\u00e5virke gyldigheten og h\u00e5ndhevelsen av eventuelle gjenv\u00e6rende bestemmelser. Disse vilk\u00e5rene for bruk utgj\u00f8r hele avtalen mellom partene knyttet til emnet heri, og erstatter all tidligere eller samtidig kommunikasjon, muntlig eller skriftlig.\n\t\t\t\t\t\t\t\t<\/div>\n\t\t\t\t<\/div>\n\t\t\t\t\t<\/div>\n\t\t\t\t<\/div>\n\t\t\t\t<\/div>","protected":false},"excerpt":{"rendered":"<p>Vilk\u00e5r for bruk Velkommen til nettstedet v\u00e5rt.Din tilgang til og bruk av dette nettstedet er underlagt disse vilk\u00e5rene for bruk av nettstedet. Vennligst les dem n\u00f8ye f\u00f8r du f\u00e5r tilgang til eller bruker dette nettstedet. 1. DEFINITIONS EYE4AI (EMPOWERING YOUNG ENTREPRENEURS WITH AI), heretter kalt \u201cProsjektet\u201d, er et 24-m\u00e5neders prosjekt som tar for seg temaet KA220-YOU \u2013 2024 Runde 1.\u00a0\u00a0 [...]<\/p>","protected":false},"author":3,"featured_media":0,"parent":0,"menu_order":0,"comment_status":"closed","ping_status":"closed","template":"","meta":{"footnotes":""},"class_list":["post-353","page","type-page","status-publish","hentry"],"_links":{"self":[{"href":"https:\/\/eye4ai.eu\/nb\/wp-json\/wp\/v2\/pages\/353","targetHints":{"allow":["GET"]}}],"collection":[{"href":"https:\/\/eye4ai.eu\/nb\/wp-json\/wp\/v2\/pages"}],"about":[{"href":"https:\/\/eye4ai.eu\/nb\/wp-json\/wp\/v2\/types\/page"}],"author":[{"embeddable":true,"href":"https:\/\/eye4ai.eu\/nb\/wp-json\/wp\/v2\/users\/3"}],"replies":[{"embeddable":true,"href":"https:\/\/eye4ai.eu\/nb\/wp-json\/wp\/v2\/comments?post=353"}],"version-history":[{"count":5,"href":"https:\/\/eye4ai.eu\/nb\/wp-json\/wp\/v2\/pages\/353\/revisions"}],"predecessor-version":[{"id":582,"href":"https:\/\/eye4ai.eu\/nb\/wp-json\/wp\/v2\/pages\/353\/revisions\/582"}],"wp:attachment":[{"href":"https:\/\/eye4ai.eu\/nb\/wp-json\/wp\/v2\/media?parent=353"}],"curies":[{"name":"wp","href":"https:\/\/api.w.org\/{rel}","templated":true}]}}