{"id":367,"date":"2025-01-15T11:55:00","date_gmt":"2025-01-15T11:55:00","guid":{"rendered":"https:\/\/eye4ai.eu\/?page_id=367"},"modified":"2025-01-20T12:47:18","modified_gmt":"2025-01-20T12:47:18","slug":"cookie-policy","status":"publish","type":"page","link":"https:\/\/eye4ai.eu\/nb\/cookie-policy\/","title":{"rendered":"Retningslinjer for informasjonskapsler"},"content":{"rendered":"<div data-elementor-type=\"wp-page\" data-elementor-id=\"367\" class=\"elementor elementor-367\" data-elementor-post-type=\"page\">\n\t\t\t\t<div class=\"elementor-element elementor-element-5b9a13a cp e-flex e-con-boxed e-con e-parent\" data-id=\"5b9a13a\" data-element_type=\"container\" data-e-type=\"container\">\n\t\t\t\t\t<div class=\"e-con-inner\">\n\t\t\t\t<div class=\"elementor-element elementor-element-eac92c3 elementor-widget elementor-widget-heading\" data-id=\"eac92c3\" data-element_type=\"widget\" data-e-type=\"widget\" data-widget_type=\"heading.default\">\n\t\t\t\t<div class=\"elementor-widget-container\">\n\t\t\t\t\t<h1 class=\"elementor-heading-title elementor-size-default\">Retningslinjer for informasjonskapsler\n<\/h1>\t\t\t\t<\/div>\n\t\t\t\t<\/div>\n\t\t\t\t<div class=\"elementor-element elementor-element-212b59d elementor-widget elementor-widget-text-editor\" data-id=\"212b59d\" data-element_type=\"widget\" data-e-type=\"widget\" data-widget_type=\"text-editor.default\">\n\t\t\t\t<div class=\"elementor-widget-container\">\n\t\t\t\t\t\t\t\t\t<p>Dette nettstedet bruker informasjonskapsler. Vi bruker informasjonskapsler for \u00e5 sikre at vi gir deg den beste opplevelsen p\u00e5 nettstedet v\u00e5rt. Les ogs\u00e5 v\u00e5r <a href=\"https:\/\/eye4ai.eu\/nb\/terms-of-use\/\">Vilk\u00e5r for bruk<\/a> &amp; <a href=\"https:\/\/eye4ai.eu\/nb\/privacy-policy\/\">Retningslinjer for personvern<\/a> som styrer bruken av dette nettstedet.<br \/>Informasjonskapsler er sm\u00e5 tekstfiler som kan brukes av nettsteder for \u00e5 gj\u00f8re brukeropplevelsen mer effektiv.<\/p><p>Loven sier at vi kan lagre informasjonskapsler p\u00e5 enheten din hvis de er strengt n\u00f8dvendige for driften av dette nettstedet. For alle andre typer informasjonskapsler trenger vi din tillatelse.<\/p><p>Dette nettstedet bruker forskjellige typer informasjonskapsler. Noen informasjonskapsler plasseres av tredjepartstjenester som vises p\u00e5 v\u00e5re sider.<\/p><p>Du kan n\u00e5r som helst endre eller trekke tilbake ditt samtykke fra Cookie-erkl\u00e6ringen p\u00e5 v\u00e5r nettside.<\/p><p>Les mer om hvem vi er, hvordan du kan kontakte oss og hvordan vi behandler personopplysninger i v\u00e5re nettsider. <a href=\"https:\/\/eye4ai.eu\/nb\/privacy-policy\/\">Retningslinjer for personvern<\/a>.<\/p>\t\t\t\t\t\t\t\t<\/div>\n\t\t\t\t<\/div>\n\t\t\t\t<div class=\"elementor-element elementor-element-b5205a6 elementor-widget elementor-widget-html\" data-id=\"b5205a6\" data-element_type=\"widget\" data-e-type=\"widget\" data-widget_type=\"html.default\">\n\t\t\t\t<div class=\"elementor-widget-container\">\n\t\t\t\t\t<div class= \"cky-audit-table-element\"><\/div>\t\t\t\t<\/div>\n\t\t\t\t<\/div>\n\t\t\t\t\t<\/div>\n\t\t\t\t<\/div>\n\t\t\t\t<\/div>","protected":false},"excerpt":{"rendered":"<p>Dette nettstedet bruker informasjonskapsler (cookies). Vi bruker informasjonskapsler for \u00e5 sikre at vi gir deg den beste opplevelsen p\u00e5 nettstedet v\u00e5rt. Vennligst les ogs\u00e5 v\u00e5re vilk\u00e5r for bruk &amp; amp; Personvernregler som styrer bruken av dette nettstedet.Informasjonskapsler er sm\u00e5 tekstfiler som kan brukes av nettsteder for \u00e5 gj\u00f8re en brukers opplevelse mer effektiv. [...]<\/p>","protected":false},"author":3,"featured_media":0,"parent":0,"menu_order":0,"comment_status":"closed","ping_status":"closed","template":"","meta":{"footnotes":""},"class_list":["post-367","page","type-page","status-publish","hentry"],"_links":{"self":[{"href":"https:\/\/eye4ai.eu\/nb\/wp-json\/wp\/v2\/pages\/367","targetHints":{"allow":["GET"]}}],"collection":[{"href":"https:\/\/eye4ai.eu\/nb\/wp-json\/wp\/v2\/pages"}],"about":[{"href":"https:\/\/eye4ai.eu\/nb\/wp-json\/wp\/v2\/types\/page"}],"author":[{"embeddable":true,"href":"https:\/\/eye4ai.eu\/nb\/wp-json\/wp\/v2\/users\/3"}],"replies":[{"embeddable":true,"href":"https:\/\/eye4ai.eu\/nb\/wp-json\/wp\/v2\/comments?post=367"}],"version-history":[{"count":5,"href":"https:\/\/eye4ai.eu\/nb\/wp-json\/wp\/v2\/pages\/367\/revisions"}],"predecessor-version":[{"id":765,"href":"https:\/\/eye4ai.eu\/nb\/wp-json\/wp\/v2\/pages\/367\/revisions\/765"}],"wp:attachment":[{"href":"https:\/\/eye4ai.eu\/nb\/wp-json\/wp\/v2\/media?parent=367"}],"curies":[{"name":"wp","href":"https:\/\/api.w.org\/{rel}","templated":true}]}}